{"id":6068,"date":"2024-10-04T09:46:55","date_gmt":"2024-10-04T09:46:55","guid":{"rendered":"https:\/\/grundschulmusiker.de\/?page_id=6068"},"modified":"2024-10-13T14:13:08","modified_gmt":"2024-10-13T14:13:08","slug":"toene-auf-der-gitarre-memory","status":"publish","type":"page","link":"https:\/\/grundschulmusiker.de\/?page_id=6068","title":{"rendered":"T\u00f6ne auf der Gitarre Memory"},"content":{"rendered":"\n<p>Zusammen geh\u00f6ren immer ein Bild und die entsprechende Kurzbezeichnung von Saite und Bund.<\/p>\n\n\n\n<p>Bsp.: <\/p>\n\n\n\n<figure class=\"wp-block-image size-full is-resized\"><img loading=\"lazy\" decoding=\"async\" width=\"794\" height=\"360\" src=\"https:\/\/grundschulmusiker.de\/wp-content\/uploads\/2024\/10\/Memory-bsp.jpg\" alt=\"\" class=\"wp-image-6074\" style=\"width:285px;height:auto\" srcset=\"https:\/\/grundschulmusiker.de\/wp-content\/uploads\/2024\/10\/Memory-bsp.jpg 794w, https:\/\/grundschulmusiker.de\/wp-content\/uploads\/2024\/10\/Memory-bsp-300x136.jpg 300w, https:\/\/grundschulmusiker.de\/wp-content\/uploads\/2024\/10\/Memory-bsp-768x348.jpg 768w\" sizes=\"auto, (max-width: 794px) 100vw, 794px\" \/><\/figure>\n\n\n\n<p>F\u00fcr das Spielen auf dem Smartphone oder Tablet: Du kannst die Bilder gr\u00f6\u00dfer ziehen!<\/p>\n\n\n\n<p><code><div class=\"h5p-content\" data-content-id=\"4\"><\/div><\/code><\/p>\n","protected":false},"excerpt":{"rendered":"<p>Zusammen geh\u00f6ren immer ein Bild und die entsprechende Kurzbezeichnung von Saite und Bund. Bsp.: F\u00fcr das Spielen auf dem Smartphone oder Tablet: Du kannst die Bilder gr\u00f6\u00dfer ziehen!<\/p>\n","protected":false},"author":1,"featured_media":0,"parent":0,"menu_order":0,"comment_status":"closed","ping_status":"closed","template":"","meta":{"footnotes":""},"class_list":["post-6068","page","type-page","status-publish","hentry"],"_links":{"self":[{"href":"https:\/\/grundschulmusiker.de\/index.php?rest_route=\/wp\/v2\/pages\/6068","targetHints":{"allow":["GET"]}}],"collection":[{"href":"https:\/\/grundschulmusiker.de\/index.php?rest_route=\/wp\/v2\/pages"}],"about":[{"href":"https:\/\/grundschulmusiker.de\/index.php?rest_route=\/wp\/v2\/types\/page"}],"author":[{"embeddable":true,"href":"https:\/\/grundschulmusiker.de\/index.php?rest_route=\/wp\/v2\/users\/1"}],"replies":[{"embeddable":true,"href":"https:\/\/grundschulmusiker.de\/index.php?rest_route=%2Fwp%2Fv2%2Fcomments&post=6068"}],"version-history":[{"count":8,"href":"https:\/\/grundschulmusiker.de\/index.php?rest_route=\/wp\/v2\/pages\/6068\/revisions"}],"predecessor-version":[{"id":6082,"href":"https:\/\/grundschulmusiker.de\/index.php?rest_route=\/wp\/v2\/pages\/6068\/revisions\/6082"}],"wp:attachment":[{"href":"https:\/\/grundschulmusiker.de\/index.php?rest_route=%2Fwp%2Fv2%2Fmedia&parent=6068"}],"curies":[{"name":"wp","href":"https:\/\/api.w.org\/{rel}","templated":true}]}}