{"id":5993,"date":"2021-11-16T16:08:32","date_gmt":"2021-11-16T16:08:32","guid":{"rendered":"https:\/\/grundschulmusiker.de\/?page_id=5993"},"modified":"2021-11-16T16:19:51","modified_gmt":"2021-11-16T16:19:51","slug":"gaestebuch","status":"publish","type":"page","link":"https:\/\/grundschulmusiker.de\/?page_id=5993","title":{"rendered":"G\u00e4stebuch"},"content":{"rendered":"\n<p>Hej, ich w\u00fcrde mich \u00fcber euren G\u00e4stebucheintrag freuen. Die Felder &#8222;E-Mail&#8220; und &#8222;Website&#8220; k\u00f6nnt ihr nat\u00fcrlich frei lassen und ihr m\u00fcsst auch nicht euren richtigen Namen angeben. <\/p>\n","protected":false},"excerpt":{"rendered":"<p>Hej, ich w\u00fcrde mich \u00fcber euren G\u00e4stebucheintrag freuen. Die Felder &#8222;E-Mail&#8220; und &#8222;Website&#8220; k\u00f6nnt ihr nat\u00fcrlich frei lassen und ihr m\u00fcsst auch nicht euren richtigen Namen angeben.<\/p>\n","protected":false},"author":1,"featured_media":0,"parent":0,"menu_order":0,"comment_status":"open","ping_status":"closed","template":"","meta":{"footnotes":""},"class_list":["post-5993","page","type-page","status-publish","hentry"],"_links":{"self":[{"href":"https:\/\/grundschulmusiker.de\/index.php?rest_route=\/wp\/v2\/pages\/5993","targetHints":{"allow":["GET"]}}],"collection":[{"href":"https:\/\/grundschulmusiker.de\/index.php?rest_route=\/wp\/v2\/pages"}],"about":[{"href":"https:\/\/grundschulmusiker.de\/index.php?rest_route=\/wp\/v2\/types\/page"}],"author":[{"embeddable":true,"href":"https:\/\/grundschulmusiker.de\/index.php?rest_route=\/wp\/v2\/users\/1"}],"replies":[{"embeddable":true,"href":"https:\/\/grundschulmusiker.de\/index.php?rest_route=%2Fwp%2Fv2%2Fcomments&post=5993"}],"version-history":[{"count":5,"href":"https:\/\/grundschulmusiker.de\/index.php?rest_route=\/wp\/v2\/pages\/5993\/revisions"}],"predecessor-version":[{"id":5999,"href":"https:\/\/grundschulmusiker.de\/index.php?rest_route=\/wp\/v2\/pages\/5993\/revisions\/5999"}],"wp:attachment":[{"href":"https:\/\/grundschulmusiker.de\/index.php?rest_route=%2Fwp%2Fv2%2Fmedia&parent=5993"}],"curies":[{"name":"wp","href":"https:\/\/api.w.org\/{rel}","templated":true}]}}