{"id":5954,"date":"2021-10-27T08:53:09","date_gmt":"2021-10-27T08:53:09","guid":{"rendered":"https:\/\/grundschulmusiker.de\/?page_id=5954"},"modified":"2021-10-27T10:03:26","modified_gmt":"2021-10-27T10:03:26","slug":"alles-anders-in-2021","status":"publish","type":"page","link":"https:\/\/grundschulmusiker.de\/?page_id=5954","title":{"rendered":"Alles anders in 2021"},"content":{"rendered":"\n<p>Ich bin seit diesem Jahr nicht mehr im Schuldienst, lebe \u00fcberwiegend in Schweden und komme ab und zu f\u00fcr Fortbildungen und Konzerte nach Deutschland. <\/p>\n\n\n\n<p>In Schweden versuche ich gerade eine zweite Karriere als Klavierstimmer. Das klappt auch schon ganz gut. Wenn ich mein kleines Heimstudio eingerichtet habe, sollen weitere Songs f\u00fcr Kinder im Grundschulalter folgen. Hierbei w\u00e4re ich euch dankbar, wenn ihr mir schreibt, zu welchen Themen euch Songs fehlen.<\/p>\n\n\n\n<p>Ich m\u00f6chte euch auch gerne auf meine kostenlose Seite f\u00fcr <a href=\"http:\/\/fridayafternoon.de\">H5P-Inhalte<\/a> aufmerksam machen. Diese pflege ich zwar nur unregelm\u00e4\u00dfig (zum Beispiel wenn mir Leute schreiben, die etwas Bestimmtes brauchen), vielleicht bringt sie euch bei euren Bem\u00fchungen bez\u00fcglich der Digitalisierung auf Ideen. H5P ist jedenfalls sehr einfach zu erlernen, kostenlos und erm\u00f6glicht euch, in sehr kurzer Zeit viele kleine Lernspiele zu programmieren. <\/p>\n\n\n\n<p>Der Shop wird auch in diesem Jahr nicht funktionieren, also schreibt mir gerne eine <a href=\"mailto:mail@grundschulmusiker.de\" target=\"_blank\" rel=\"noreferrer noopener\">Mail<\/a>. <\/p>\n\n\n\n<p>Ich w\u00fcnsche allen Corona-geplagten Musiklehrkr\u00e4ften, dass bald in allen Bundesl\u00e4ndern wieder mehr Normalit\u00e4t eintritt und alle wieder zu Weihnachten in der Schule singen d\u00fcrfen.<\/p>\n\n\n\n<p>In diesem Sinne alles Gute f\u00fcr Euch!<\/p>\n\n\n\n<p><\/p>\n\n\n\n<p>P.S.: Aufgrund der zahlreichen Nachfragen: Ich habe nichts dagegen wenn ihr meine Songs auf Youtube stellt. Im Gegenteil: Ich freue mich jedes Jahre \u00fcber die neuen Versionen!<\/p>\n\n\n\n<p><\/p>\n","protected":false},"excerpt":{"rendered":"<p>Ich bin seit diesem Jahr nicht mehr im Schuldienst, lebe \u00fcberwiegend in Schweden und komme ab und zu f\u00fcr Fortbildungen und Konzerte nach Deutschland. In Schweden versuche ich gerade eine zweite Karriere als Klavierstimmer. Das klappt auch schon ganz gut. Wenn ich mein kleines Heimstudio eingerichtet habe, sollen weitere Songs f\u00fcr Kinder im Grundschulalter folgen. [&hellip;]<\/p>\n","protected":false},"author":1,"featured_media":0,"parent":0,"menu_order":0,"comment_status":"closed","ping_status":"closed","template":"","meta":{"footnotes":""},"class_list":["post-5954","page","type-page","status-publish","hentry"],"_links":{"self":[{"href":"https:\/\/grundschulmusiker.de\/index.php?rest_route=\/wp\/v2\/pages\/5954","targetHints":{"allow":["GET"]}}],"collection":[{"href":"https:\/\/grundschulmusiker.de\/index.php?rest_route=\/wp\/v2\/pages"}],"about":[{"href":"https:\/\/grundschulmusiker.de\/index.php?rest_route=\/wp\/v2\/types\/page"}],"author":[{"embeddable":true,"href":"https:\/\/grundschulmusiker.de\/index.php?rest_route=\/wp\/v2\/users\/1"}],"replies":[{"embeddable":true,"href":"https:\/\/grundschulmusiker.de\/index.php?rest_route=%2Fwp%2Fv2%2Fcomments&post=5954"}],"version-history":[{"count":5,"href":"https:\/\/grundschulmusiker.de\/index.php?rest_route=\/wp\/v2\/pages\/5954\/revisions"}],"predecessor-version":[{"id":5967,"href":"https:\/\/grundschulmusiker.de\/index.php?rest_route=\/wp\/v2\/pages\/5954\/revisions\/5967"}],"wp:attachment":[{"href":"https:\/\/grundschulmusiker.de\/index.php?rest_route=%2Fwp%2Fv2%2Fmedia&parent=5954"}],"curies":[{"name":"wp","href":"https:\/\/api.w.org\/{rel}","templated":true}]}}